{"id":752,"date":"2024-09-27T14:49:27","date_gmt":"2024-09-27T14:49:27","guid":{"rendered":"https:\/\/dinamocontabilidade.com.br\/site\/?page_id=752"},"modified":"2024-09-27T14:49:28","modified_gmt":"2024-09-27T14:49:28","slug":"contrate-um-estagiario","status":"publish","type":"page","link":"https:\/\/dinamocontabilidade.com.br\/site\/contrate-um-estagiario\/","title":{"rendered":"CONTRATE UM ESTAGI\u00c1RIO"},"content":{"rendered":"\n<p>[vc_row][vc_column]<div class=\"icon_box icon_position_left no_border\"><div class=\"image_wrapper\"><img loading=\"lazy\" decoding=\"async\" src=\"https:\/\/dinamocontabilidade.com.br\/site\/wp-content\/uploads\/2024\/08\/post_thumbnail-12b4b47511cc50bbff1e1df5b7bdf82e.jpeg\" class=\"scale-with-grid\" alt=\"post_thumbnail-12b4b47511cc50bbff1e1df5b7bdf82e\" width=\"950\" height=\"627\"\/><\/div><div class=\"desc_wrapper\"><h4>GEST\u00c3O COMPLETA<\/h4><div class=\"desc\">Realizamos toda gest\u00e3o desde a contrata\u00e7\u00e3o, relat\u00f3rios semestrais, aditivos, recessos, seguro de vida at\u00e9 o termo de realiza\u00e7\u00e3o de est\u00e1gio.<\/div><\/div><\/div>\n<div class=\"icon_box icon_position_left no_border\"><div class=\"image_wrapper\"><img loading=\"lazy\" decoding=\"async\" src=\"https:\/\/dinamocontabilidade.com.br\/site\/wp-content\/uploads\/2024\/08\/download-1.jpg\" class=\"scale-with-grid\" alt=\"download (1)\" width=\"238\" height=\"212\"\/><\/div><div class=\"desc_wrapper\"><h4>RECRUTAMENTO E PR\u00c9-SELE\u00c7\u00c3O<\/h4><div class=\"desc\">Realizamos conforme o perfil solicitado. Divulgamos gratuitamente suas vagas de est\u00e1gio em nosso site, redes sociais e redes parceiras que alcan\u00e7a milhares de candidatos.<\/div><\/div><\/div>\n<div class=\"icon_box icon_position_left has_border\"><div class=\"image_wrapper\"><img loading=\"lazy\" decoding=\"async\" src=\"https:\/\/dinamocontabilidade.com.br\/site\/wp-content\/uploads\/2024\/08\/images.jpg\" class=\"scale-with-grid\" alt=\"images\" width=\"208\" height=\"242\"\/><\/div><div class=\"desc_wrapper\"><h4>CONSULTORIA ESPECIALIZADA<\/h4><div class=\"desc\">Possu\u00edmos uma equipe de Consultores Especializados na Lei do Est\u00e1gio. Tem alguma d\u00favida ou precisa de auxilio em algo? Fale conosco!<\/div><\/div><\/div>\n[\/vc_column][\/vc_row]<\/p>\n\n\n<p>[vc_row][vc_column][vc_column_text css_animation=&#8221;appear&#8221;]<\/p>\n<h2><\/h2>\n<h2 style=\"text-align: center;\"><strong>NOSSO FOCO \u00c9 SIMPLIFICAR! CONHE\u00c7A AS VANTAGENS DE SE CONTRATAR UM ESTAGI\u00c1RIO<\/strong><\/h2>\n<p>&nbsp;[\/vc_column_text][\/vc_column][\/vc_row]<\/p>\n\n\n\n<p>[vc_row][vc_column width=&#8221;1\/3&#8243;]<div class=\"list_item lists_2 clearfix\"><div class=\"list_left list_image\"><img loading=\"lazy\" decoding=\"async\" src=\"https:\/\/dinamocontabilidade.com.br\/site\/wp-content\/uploads\/2024\/08\/download.png\" class=\"scale-with-grid\" alt=\"download\" width=\"225\" height=\"225\"\/><\/div><div class=\"list_right\"><h4>CUSTO BENEF\u00cdCIO<\/h4><div class=\"desc\">Al\u00e9m do menor custo salarial, estagi\u00e1rios n\u00e3o tem encargos trabalhistas como 13\u00ba sal\u00e1rio, FGTS e INSS, o que pode reduzir os custos operacionais da empresa.<\/div><\/div><\/div>\n[\/vc_column][vc_column width=&#8221;1\/3&#8243;]<div class=\"list_item lists_2 clearfix\"><div class=\"list_left list_image\"><img loading=\"lazy\" decoding=\"async\" src=\"https:\/\/dinamocontabilidade.com.br\/site\/wp-content\/uploads\/2024\/08\/download-2.jpg\" class=\"scale-with-grid\" alt=\"download (2)\" width=\"240\" height=\"210\"\/><\/div><div class=\"list_right\"><h4>DESENVOLVIMENTO<\/h4><div class=\"desc\">Contratar estagi\u00e1rios permite identificar e treinar futuros profissionais, que j\u00e1 estar\u00e3o familiarizados com a cultura e os processos da empresa.<\/div><\/div><\/div>\n[\/vc_column][vc_column width=&#8221;1\/3&#8243;]<div class=\"list_item lists_2 clearfix\"><div class=\"list_left list_image\"><img loading=\"lazy\" decoding=\"async\" src=\"https:\/\/dinamocontabilidade.com.br\/site\/wp-content\/uploads\/2024\/08\/6662132-growth-product-icon-vector-operacional-excellence-symbol-cost-efficiency-sign-for-your-web-site-design-logo-app-ui-illustration-gratis-vetor.jpg\" class=\"scale-with-grid\" alt=\"6662132-growth-product-icon-vector-operacional-excellence-symbol-cost-efficiency-sign-for-your-web-site-design-logo-app-ui-illustration-gratis-vetor\" width=\"980\" height=\"980\"\/><\/div><div class=\"list_right\"><h4>APOIO OPERACIONAL<\/h4><div class=\"desc\"> Estagi\u00e1rios podem assumir tarefas operacionais, liberando tempo para os colaboradores mais experientes focarem em atividades mais estrat\u00e9gicas.<\/div><\/div><\/div>\n[\/vc_column][\/vc_row][vc_row][vc_column][vc_row_inner][vc_column_inner][\/vc_column_inner][\/vc_row_inner][vc_btn title=&#8221;FALE COM NOSSOS ESPECIALISTAS&#8221; style=&#8221;custom&#8221; custom_background=&#8221;#0f143c&#8221; custom_text=&#8221;#ffffff&#8221; size=&#8221;lg&#8221; align=&#8221;center&#8221; i_type=&#8221;linecons&#8221; i_icon_linecons=&#8221;vc_li vc_li-bubble&#8221; css_animation=&#8221;bottom-to-top&#8221; link=&#8221;url:https%3A%2F%2Fwa.me%2F5562999679397||target:%20_blank|&#8221; custom_onclick=&#8221;true&#8221; add_icon=&#8221;true&#8221;][\/vc_column][\/vc_row]<\/p>\n","protected":false},"excerpt":{"rendered":"<p>[vc_row][vc_column][\/vc_column][\/vc_row] [vc_row][vc_column width=&#8221;1\/3&#8243;][\/vc_column][vc_column width=&#8221;1\/3&#8243;][\/vc_column][vc_column width=&#8221;1\/3&#8243;][\/vc_column][\/vc_row][vc_row][vc_column][vc_row_inner][vc_column_inner][\/vc_column_inner][\/vc_row_inner][vc_btn title=&#8221;FALE COM NOSSOS ESPECIALISTAS&#8221; style=&#8221;custom&#8221; custom_background=&#8221;#0f143c&#8221; custom_text=&#8221;#ffffff&#8221; size=&#8221;lg&#8221; align=&#8221;center&#8221; i_type=&#8221;linecons&#8221; i_icon_linecons=&#8221;vc_li vc_li-bubble&#8221; css_animation=&#8221;bottom-to-top&#8221; link=&#8221;url:https%3A%2F%2Fwa.me%2F5562999679397||target:%20_blank|&#8221; custom_onclick=&#8221;true&#8221; add_icon=&#8221;true&#8221;][\/vc_column][\/vc_row]<\/p>\n","protected":false},"author":1,"featured_media":0,"parent":0,"menu_order":0,"comment_status":"closed","ping_status":"closed","template":"","meta":{"footnotes":""},"class_list":["post-752","page","type-page","status-publish","hentry"],"_links":{"self":[{"href":"https:\/\/dinamocontabilidade.com.br\/site\/wp-json\/wp\/v2\/pages\/752"}],"collection":[{"href":"https:\/\/dinamocontabilidade.com.br\/site\/wp-json\/wp\/v2\/pages"}],"about":[{"href":"https:\/\/dinamocontabilidade.com.br\/site\/wp-json\/wp\/v2\/types\/page"}],"author":[{"embeddable":true,"href":"https:\/\/dinamocontabilidade.com.br\/site\/wp-json\/wp\/v2\/users\/1"}],"replies":[{"embeddable":true,"href":"https:\/\/dinamocontabilidade.com.br\/site\/wp-json\/wp\/v2\/comments?post=752"}],"version-history":[{"count":1,"href":"https:\/\/dinamocontabilidade.com.br\/site\/wp-json\/wp\/v2\/pages\/752\/revisions"}],"predecessor-version":[{"id":753,"href":"https:\/\/dinamocontabilidade.com.br\/site\/wp-json\/wp\/v2\/pages\/752\/revisions\/753"}],"wp:attachment":[{"href":"https:\/\/dinamocontabilidade.com.br\/site\/wp-json\/wp\/v2\/media?parent=752"}],"curies":[{"name":"wp","href":"https:\/\/api.w.org\/{rel}","templated":true}]}}