{"id":744,"date":"2024-09-27T14:26:22","date_gmt":"2024-09-27T14:26:22","guid":{"rendered":"https:\/\/dinamocontabilidade.com.br\/site\/?page_id=744"},"modified":"2024-09-27T14:49:46","modified_gmt":"2024-09-27T14:49:46","slug":"dinamo-office-integracao-de-estagio","status":"publish","type":"page","link":"https:\/\/dinamocontabilidade.com.br\/site\/dinamo-office-integracao-de-estagio\/","title":{"rendered":"DINAMO OFFICE &#8211; INTEGRA\u00c7\u00c3O E EST\u00c1GIO"},"content":{"rendered":"[vc_row][vc_column][vc_column_text css_animation=&#8221;appear&#8221;]<h2 style=\"text-align: center;\"><strong>A D\u00cdNAMO OFFICE \u00c9 UMA EMPRESA PARCEIRA ESPECIALIZADA NO PROCESSO DE SELE\u00c7\u00c3O E INTEGRA\u00c7\u00c3O DE ESTAGI\u00c1RIOS NO MERCADO DE TRABALHO<\/strong><\/h2>[\/vc_column_text][vc_column_text]\n[\/vc_column_text][\/vc_column][\/vc_row][vc_row][vc_column width=&#8221;1\/2&#8243;]<div class=\"icon_box icon_position_top no_border\"><a class=\"\" href=\"https:\/\/dinamocontabilidade.com.br\/site\/contrate-um-estagiario\/\"  ><div class=\"image_wrapper\"><img loading=\"lazy\" decoding=\"async\" src=\"https:\/\/dinamocontabilidade.com.br\/site\/wp-content\/uploads\/2024\/09\/3-contratacao-1.png\" class=\"scale-with-grid\" alt=\"3 contrata\u00e7\u00e3o\" width=\"203\" height=\"248\"\/><\/div><div class=\"desc_wrapper\"><h4>SOU EMPRES\u00c1RIO<\/h4><div class=\"desc\">Quero contratar um estagi\u00e1rio (a) e contar com os servi\u00e7os especializados da D\u00ednamo Office<\/div><\/div><\/a><\/div>\n[\/vc_column][vc_column width=&#8221;1\/2&#8243;]<div class=\"icon_box icon_position_top no_border\"><a class=\"\" href=\"https:\/\/dinamocontabilidade.com.br\/site\/area-do-aluno\/\"  ><div class=\"image_wrapper\"><img loading=\"lazy\" decoding=\"async\" src=\"https:\/\/dinamocontabilidade.com.br\/site\/wp-content\/uploads\/2024\/09\/1-estudante.png\" class=\"scale-with-grid\" alt=\"1 estudante\" width=\"203\" height=\"248\"\/><\/div><div class=\"desc_wrapper\"><h4>SOU ESTUDANTE<\/h4><div class=\"desc\">Quero ingressar no mercado de trabalho por meio o est\u00e1gio.<\/div><\/div><\/a><\/div>\n[\/vc_column][\/vc_row]","protected":false},"excerpt":{"rendered":"<p>[vc_row][vc_column][vc_column_text css_animation=&#8221;appear&#8221;] A D\u00cdNAMO OFFICE \u00c9 UMA EMPRESA PARCEIRA ESPECIALIZADA NO PROCESSO DE SELE\u00c7\u00c3O E INTEGRA\u00c7\u00c3O DE ESTAGI\u00c1RIOS NO MERCADO DE TRABALHO [\/vc_column_text][vc_column_text] [\/vc_column_text][\/vc_column][\/vc_row][vc_row][vc_column width=&#8221;1\/2&#8243;][\/vc_column][vc_column width=&#8221;1\/2&#8243;][\/vc_column][\/vc_row]<\/p>\n","protected":false},"author":1,"featured_media":0,"parent":0,"menu_order":0,"comment_status":"closed","ping_status":"closed","template":"","meta":{"footnotes":""},"class_list":["post-744","page","type-page","status-publish","hentry"],"_links":{"self":[{"href":"https:\/\/dinamocontabilidade.com.br\/site\/wp-json\/wp\/v2\/pages\/744"}],"collection":[{"href":"https:\/\/dinamocontabilidade.com.br\/site\/wp-json\/wp\/v2\/pages"}],"about":[{"href":"https:\/\/dinamocontabilidade.com.br\/site\/wp-json\/wp\/v2\/types\/page"}],"author":[{"embeddable":true,"href":"https:\/\/dinamocontabilidade.com.br\/site\/wp-json\/wp\/v2\/users\/1"}],"replies":[{"embeddable":true,"href":"https:\/\/dinamocontabilidade.com.br\/site\/wp-json\/wp\/v2\/comments?post=744"}],"version-history":[{"count":4,"href":"https:\/\/dinamocontabilidade.com.br\/site\/wp-json\/wp\/v2\/pages\/744\/revisions"}],"predecessor-version":[{"id":754,"href":"https:\/\/dinamocontabilidade.com.br\/site\/wp-json\/wp\/v2\/pages\/744\/revisions\/754"}],"wp:attachment":[{"href":"https:\/\/dinamocontabilidade.com.br\/site\/wp-json\/wp\/v2\/media?parent=744"}],"curies":[{"name":"wp","href":"https:\/\/api.w.org\/{rel}","templated":true}]}}