{"id":738,"date":"2024-09-27T14:07:48","date_gmt":"2024-09-27T14:07:48","guid":{"rendered":"https:\/\/dinamocontabilidade.com.br\/site\/?page_id=738"},"modified":"2024-09-27T14:22:45","modified_gmt":"2024-09-27T14:22:45","slug":"area-do-aluno","status":"publish","type":"page","link":"https:\/\/dinamocontabilidade.com.br\/site\/area-do-aluno\/","title":{"rendered":"\u00c1REA DO ALUNO"},"content":{"rendered":"[vc_row][vc_column][vc_column_text css_animation=&#8221;appear&#8221;]<h2 style=\"text-align: center;\">Auxiliamos e apoiamos estudantes na busca por oportunidades de est\u00e1gio, conectando-os ao mercado de trabalho em suas \u00e1reas de forma\u00e7\u00e3o!<\/h2>\n<p>&nbsp;<\/p>[\/vc_column_text][vc_column_text]\n[\/vc_column_text][\/vc_column][\/vc_row][vc_row][vc_column width=&#8221;1\/3&#8243;]<div class=\"list_item lists_2 clearfix\"><div class=\"list_left list_image\"><img loading=\"lazy\" decoding=\"async\" src=\"https:\/\/dinamocontabilidade.com.br\/site\/wp-content\/uploads\/2024\/09\/1.png\" class=\"scale-with-grid\" alt=\"1\" width=\"225\" height=\"225\"\/><\/div><div class=\"list_right\"><h4>EXPERI\u00caNCIA PR\u00c1TICA<\/h4><div class=\"desc\">O est\u00e1gio permite que o estudante aplique na pr\u00e1tica o que aprendeu na teoria, desenvolvendo habilidades essenciais para sua \u00e1rea de atua\u00e7\u00e3o, adquirindo assm a experi\u00eancia exigida no mercado de trabalho.<\/div><\/div><\/div>\n[\/vc_column][vc_column width=&#8221;1\/3&#8243;]<div class=\"list_item lists_2 clearfix\"><div class=\"list_left list_image\"><img loading=\"lazy\" decoding=\"async\" src=\"https:\/\/dinamocontabilidade.com.br\/site\/wp-content\/uploads\/2024\/09\/2.png\" class=\"scale-with-grid\" alt=\"2\" width=\"512\" height=\"512\"\/><\/div><div class=\"list_right\"><h4>NETWORKING<\/h4><div class=\"desc\">O estagi\u00e1rio tem a chance de construir uma rede de contatos profissionais, o que pode abrir portas para futuras oportunidades de emprego.<\/div><\/div><\/div>\n[\/vc_column][vc_column width=&#8221;1\/3&#8243;]<div class=\"list_item lists_2 clearfix\"><div class=\"list_left list_image\"><img loading=\"lazy\" decoding=\"async\" src=\"https:\/\/dinamocontabilidade.com.br\/site\/wp-content\/uploads\/2024\/09\/3.png\" class=\"scale-with-grid\" alt=\"3\" width=\"512\" height=\"512\"\/><\/div><div class=\"list_right\"><h4>DESENVOLVIMENTO PESSOAL<\/h4><div class=\"desc\">O est\u00e1gio promove o crescimento tanto no aspecto t\u00e9cnico quanto no comportamental, ajudando o jovem a se adaptar \u00e0 cultura corporativa e aprimorar habilidades como comunica\u00e7\u00e3o, trabalho em equipe e resolu\u00e7\u00e3o de problemas.<\/div><\/div><\/div>\n[\/vc_column][\/vc_row][vc_row][vc_column][vc_btn title=&#8221;CADASTRE AGORA SEU CURR\u00cdCULO&#8221; style=&#8221;custom&#8221; custom_background=&#8221;#0f143c&#8221; custom_text=&#8221;#ffffff&#8221; size=&#8221;lg&#8221; align=&#8221;center&#8221; i_type=&#8221;linecons&#8221; i_icon_linecons=&#8221;vc_li vc_li-mail&#8221; css_animation=&#8221;bottom-to-top&#8221; add_icon=&#8221;true&#8221; custom_onclick=&#8221;true&#8221;][\/vc_column][\/vc_row]","protected":false},"excerpt":{"rendered":"<p>[vc_row][vc_column][vc_column_text css_animation=&#8221;appear&#8221;] Auxiliamos e apoiamos estudantes na busca por oportunidades de est\u00e1gio, conectando-os ao mercado de trabalho em suas \u00e1reas de forma\u00e7\u00e3o! &nbsp; [\/vc_column_text][vc_column_text] [\/vc_column_text][\/vc_column][\/vc_row][vc_row][vc_column width=&#8221;1\/3&#8243;][\/vc_column][vc_column width=&#8221;1\/3&#8243;][\/vc_column][vc_column width=&#8221;1\/3&#8243;][\/vc_column][\/vc_row][vc_row][vc_column][vc_btn title=&#8221;CADASTRE AGORA SEU CURR\u00cdCULO&#8221; style=&#8221;custom&#8221; custom_background=&#8221;#0f143c&#8221; custom_text=&#8221;#ffffff&#8221; size=&#8221;lg&#8221; align=&#8221;center&#8221; i_type=&#8221;linecons&#8221; i_icon_linecons=&#8221;vc_li vc_li-mail&#8221; [&hellip;]<\/p>\n","protected":false},"author":1,"featured_media":0,"parent":0,"menu_order":0,"comment_status":"closed","ping_status":"closed","template":"","meta":{"footnotes":""},"class_list":["post-738","page","type-page","status-publish","hentry"],"_links":{"self":[{"href":"https:\/\/dinamocontabilidade.com.br\/site\/wp-json\/wp\/v2\/pages\/738"}],"collection":[{"href":"https:\/\/dinamocontabilidade.com.br\/site\/wp-json\/wp\/v2\/pages"}],"about":[{"href":"https:\/\/dinamocontabilidade.com.br\/site\/wp-json\/wp\/v2\/types\/page"}],"author":[{"embeddable":true,"href":"https:\/\/dinamocontabilidade.com.br\/site\/wp-json\/wp\/v2\/users\/1"}],"replies":[{"embeddable":true,"href":"https:\/\/dinamocontabilidade.com.br\/site\/wp-json\/wp\/v2\/comments?post=738"}],"version-history":[{"count":2,"href":"https:\/\/dinamocontabilidade.com.br\/site\/wp-json\/wp\/v2\/pages\/738\/revisions"}],"predecessor-version":[{"id":743,"href":"https:\/\/dinamocontabilidade.com.br\/site\/wp-json\/wp\/v2\/pages\/738\/revisions\/743"}],"wp:attachment":[{"href":"https:\/\/dinamocontabilidade.com.br\/site\/wp-json\/wp\/v2\/media?parent=738"}],"curies":[{"name":"wp","href":"https:\/\/api.w.org\/{rel}","templated":true}]}}