{"id":703,"date":"2024-07-16T13:40:56","date_gmt":"2024-07-16T13:40:56","guid":{"rendered":"https:\/\/dinamocontabilidade.com.br\/site\/?page_id=703"},"modified":"2024-07-16T13:51:25","modified_gmt":"2024-07-16T13:51:25","slug":"canal-de-denuncia","status":"publish","type":"page","link":"https:\/\/dinamocontabilidade.com.br\/site\/canal-de-denuncia\/","title":{"rendered":"Canal de Den\u00fancia"},"content":{"rendered":"\n<p>O Canal de Den\u00fancia da Dinamo Contabilidade \u00e9 um meio seguro, sigiloso e isento que permite a<br>qualquer pessoa denunciar eventuais irregularidades.<\/p>\n\n\n\n<p>As viola\u00e7\u00f5es relatadas pelo denunciante de boa-f\u00e9 no Canal de Den\u00fancia, ser\u00e3o tratadas de forma<br>confidencial e an\u00f4nima, da mesma forma em que contra esse n\u00e3o ser\u00e3o permitidas retalia\u00e7\u00f5es, voc\u00ea<br>pode se identificar ou permanecer an\u00f4nimo.<\/p>\n\n\n\n<p><strong>As den\u00fancias que preencherem os requisitos a seguir, ser\u00e3o objeto de apura\u00e7\u00e3o e investiga\u00e7\u00e3o<br>pelas \u00e1reas de controle competentes, conforme normativos vigentes:<\/strong><\/p>\n\n\n\n<ul class=\"wp-block-list\">\n<li>Descri\u00e7\u00e3o da conduta;<\/li>\n\n\n\n<li>Indica\u00e7\u00e3o de autoria, caso seja poss\u00edvel; e<\/li>\n\n\n\n<li>Elementos de prova ou indica\u00e7\u00e3o de onde podem ser encontrados.<\/li>\n<\/ul>\n\n\n\n<p><strong>A manifesta\u00e7\u00e3o poder\u00e1 ser encerrada, sem produ\u00e7\u00e3o de resposta conclusiva, quando o seu autor<br>descumprir os deveres de:<\/strong><\/p>\n\n\n\n<p>1 &#8211; expor os fatos conforme a verdade;<br>2 &#8211; proceder com lealdade, urbanidade e boa-f\u00e9;<br>3 &#8211; n\u00e3o agir de modo temer\u00e1rio; ou<br>4 &#8211; prestar as informa\u00e7\u00f5es que lhe forem solicitadas para o esclarecimento dos fatos.<\/p>\n\n\n<style id=\"wpforms-css-vars-root\">\n\t\t\t\t:root {\n\t\t\t\t\t--wpforms-field-border-radius: 3px;\n--wpforms-field-border-style: solid;\n--wpforms-field-border-size: 1px;\n--wpforms-field-background-color: #ffffff;\n--wpforms-field-border-color: rgba( 0, 0, 0, 0.25 );\n--wpforms-field-border-color-spare: rgba( 0, 0, 0, 0.25 );\n--wpforms-field-text-color: rgba( 0, 0, 0, 0.7 );\n--wpforms-field-menu-color: #ffffff;\n--wpforms-label-color: rgba( 0, 0, 0, 0.85 );\n--wpforms-label-sublabel-color: rgba( 0, 0, 0, 0.55 );\n--wpforms-label-error-color: #d63637;\n--wpforms-button-border-radius: 3px;\n--wpforms-button-border-style: none;\n--wpforms-button-border-size: 1px;\n--wpforms-button-background-color: #066aab;\n--wpforms-button-border-color: #066aab;\n--wpforms-button-text-color: #ffffff;\n--wpforms-page-break-color: #066aab;\n--wpforms-background-image: none;\n--wpforms-background-position: center center;\n--wpforms-background-repeat: no-repeat;\n--wpforms-background-size: cover;\n--wpforms-background-width: 100px;\n--wpforms-background-height: 100px;\n--wpforms-background-color: rgba( 0, 0, 0, 0 );\n--wpforms-background-url: none;\n--wpforms-container-padding: 0px;\n--wpforms-container-border-style: none;\n--wpforms-container-border-width: 1px;\n--wpforms-container-border-color: #000000;\n--wpforms-container-border-radius: 3px;\n--wpforms-field-size-input-height: 43px;\n--wpforms-field-size-input-spacing: 15px;\n--wpforms-field-size-font-size: 16px;\n--wpforms-field-size-line-height: 19px;\n--wpforms-field-size-padding-h: 14px;\n--wpforms-field-size-checkbox-size: 16px;\n--wpforms-field-size-sublabel-spacing: 5px;\n--wpforms-field-size-icon-size: 1;\n--wpforms-label-size-font-size: 16px;\n--wpforms-label-size-line-height: 19px;\n--wpforms-label-size-sublabel-font-size: 14px;\n--wpforms-label-size-sublabel-line-height: 17px;\n--wpforms-button-size-font-size: 17px;\n--wpforms-button-size-height: 41px;\n--wpforms-button-size-padding-h: 15px;\n--wpforms-button-size-margin-top: 10px;\n--wpforms-container-shadow-size-box-shadow: none;\n\n\t\t\t\t}\n\t\t\t<\/style><div class=\"wpforms-container wpforms-container-full wpforms-block wpforms-block-9968edef-9c4f-4b71-bf91-3ce9475b1e4d wpforms-render-modern\" id=\"wpforms-705\"><form id=\"wpforms-form-705\" class=\"wpforms-validate wpforms-form wpforms-ajax-form\" data-formid=\"705\" method=\"post\" enctype=\"multipart\/form-data\" action=\"\/site\/wp-json\/wp\/v2\/pages\/703\" data-token=\"50382a07fff2dd037062569fb9078cb2\" data-token-time=\"1778761727\"><noscript class=\"wpforms-error-noscript\">Ative o JavaScript no seu navegador para preencher este formul\u00e1rio.<\/noscript><div class=\"wpforms-hidden\" id=\"wpforms-error-noscript\">Ative o JavaScript no seu navegador para preencher este formul\u00e1rio.<\/div><div class=\"wpforms-field-container\"><div id=\"wpforms-705-field_1-container\" class=\"wpforms-field wpforms-field-checkbox\" data-field-id=\"1\"><fieldset><legend class=\"wpforms-field-label wpforms-label-hide\" aria-hidden=\"false\">Concord\u00e2ncia dos Termos <span class=\"wpforms-required-label\" aria-hidden=\"true\">*<\/span><\/legend><ul id=\"wpforms-705-field_1\" class=\"wpforms-field-required\"><li class=\"choice-1 depth-1\"><input type=\"checkbox\" id=\"wpforms-705-field_1_1\" name=\"wpforms[fields][1][]\" value=\"Li e concordo com os termos acima.\" aria-errormessage=\"wpforms-705-field_1_1-error\" required ><label class=\"wpforms-field-label-inline\" for=\"wpforms-705-field_1_1\">Li e concordo com os termos acima.<\/label><\/li><\/ul><\/fieldset><\/div><div id=\"wpforms-705-field_2-container\" class=\"wpforms-field wpforms-field-text\" data-field-id=\"2\"><label class=\"wpforms-field-label\" for=\"wpforms-705-field_2\">Nome<\/label><input type=\"text\" id=\"wpforms-705-field_2\" class=\"wpforms-field-small\" name=\"wpforms[fields][2]\" aria-errormessage=\"wpforms-705-field_2-error\" aria-describedby=\"wpforms-705-field_2-description\" ><div id=\"wpforms-705-field_2-description\" class=\"wpforms-field-description\">Opcional<\/div><\/div><div id=\"wpforms-705-field_3-container\" class=\"wpforms-field wpforms-field-text\" data-field-id=\"3\"><label class=\"wpforms-field-label\" for=\"wpforms-705-field_3\">E-mail<\/label><input type=\"text\" id=\"wpforms-705-field_3\" class=\"wpforms-field-small\" name=\"wpforms[fields][3]\" aria-errormessage=\"wpforms-705-field_3-error\" aria-describedby=\"wpforms-705-field_3-description\" ><div id=\"wpforms-705-field_3-description\" class=\"wpforms-field-description\">Opcional<\/div><\/div><div id=\"wpforms-705-field_4-container\" class=\"wpforms-field wpforms-field-textarea\" data-field-id=\"4\"><label class=\"wpforms-field-label\" for=\"wpforms-705-field_4\">Den\u00fancia <span class=\"wpforms-required-label\" aria-hidden=\"true\">*<\/span><\/label><textarea id=\"wpforms-705-field_4\" class=\"wpforms-field-medium wpforms-field-required\" name=\"wpforms[fields][4]\" aria-errormessage=\"wpforms-705-field_4-error\" aria-describedby=\"wpforms-705-field_4-description\" required><\/textarea><div id=\"wpforms-705-field_4-description\" class=\"wpforms-field-description\">O que voc\u00ea quer denunciar? Escreva o mais detalhadamente poss\u00edvel o que aconteceu, bem como o quando o fato ocorreu e se ainda continua ocorrendo, se existe testemunha.<\/div><\/div><div id=\"wpforms-705-field_5-container\" class=\"wpforms-field wpforms-field-textarea\" data-field-id=\"5\"><label class=\"wpforms-field-label\" for=\"wpforms-705-field_5\">Autorias (s) \/ Envolvido (s)<\/label><textarea id=\"wpforms-705-field_5\" class=\"wpforms-field-medium\" name=\"wpforms[fields][5]\" aria-errormessage=\"wpforms-705-field_5-error\" aria-describedby=\"wpforms-705-field_5-description\" ><\/textarea><div id=\"wpforms-705-field_5-description\" class=\"wpforms-field-description\">Indica\u00e7\u00e3o de autoria e\/ou envolvidos, caso seja poss\u00edvel. (OPICIONAL)<\/div><\/div><div id=\"wpforms-705-field_6-container\" class=\"wpforms-field wpforms-field-textarea\" data-field-id=\"6\"><label class=\"wpforms-field-label\" for=\"wpforms-705-field_6\">Evid\u00eancia (s)<\/label><textarea id=\"wpforms-705-field_6\" class=\"wpforms-field-medium\" name=\"wpforms[fields][6]\" aria-errormessage=\"wpforms-705-field_6-error\" aria-describedby=\"wpforms-705-field_6-description\" ><\/textarea><div id=\"wpforms-705-field_6-description\" class=\"wpforms-field-description\">Voc\u00ea sabe se existe evid\u00eancias do fato? Existe documento que comprova, descreva onde pode ser encontrado, especifique da forma mais detalhada poss\u00edvel. Lembre-se: qualquer informa\u00e7\u00e3o pode ser \u00fatil, por mais irrelevante que ela pare\u00e7a para voc\u00ea. (OPICIONAL)<\/div><\/div><div id=\"wpforms-705-field_7-container\" class=\"wpforms-field wpforms-field-textarea\" data-field-id=\"7\"><label class=\"wpforms-field-label\" for=\"wpforms-705-field_7\">Sugest\u00e3o<\/label><textarea id=\"wpforms-705-field_7\" class=\"wpforms-field-medium\" name=\"wpforms[fields][7]\" aria-errormessage=\"wpforms-705-field_7-error\" aria-describedby=\"wpforms-705-field_7-description\" ><\/textarea><div id=\"wpforms-705-field_7-description\" class=\"wpforms-field-description\">Quer deixar alguma sugest\u00e3o? Caso voc\u00ea tenha sugest\u00e3o de como solucionar o problema, descreva-o (OPICIONAL)<\/div><\/div><\/div><!-- .wpforms-field-container --><div class=\"wpforms-submit-container\" ><input type=\"hidden\" name=\"wpforms[id]\" value=\"705\"><input type=\"hidden\" name=\"page_title\" value=\"\"><input type=\"hidden\" name=\"page_url\" value=\"https:\/\/dinamocontabilidade.com.br\/site\/wp-json\/wp\/v2\/pages\/703\"><button type=\"submit\" name=\"wpforms[submit]\" id=\"wpforms-submit-705\" class=\"wpforms-submit\" data-alt-text=\"Enviando\u2026\" data-submit-text=\"Enviar\" aria-live=\"assertive\" value=\"wpforms-submit\">Enviar<\/button><img loading=\"lazy\" decoding=\"async\" src=\"https:\/\/dinamocontabilidade.com.br\/site\/wp-content\/plugins\/wpforms-lite\/assets\/images\/submit-spin.svg\" class=\"wpforms-submit-spinner\" style=\"display: none;\" width=\"26\" height=\"26\" alt=\"Carregando\"><\/div><\/form><\/div>  <!-- .wpforms-container -->\n\n\n<p><\/p>\n","protected":false},"excerpt":{"rendered":"<p>O Canal de Den\u00fancia da Dinamo Contabilidade \u00e9 um meio seguro, sigiloso e isento que permite aqualquer pessoa denunciar eventuais irregularidades. As viola\u00e7\u00f5es relatadas pelo denunciante de boa-f\u00e9 no Canal de Den\u00fancia, ser\u00e3o tratadas de formaconfidencial e an\u00f4nima, da mesma [&hellip;]<\/p>\n","protected":false},"author":1,"featured_media":0,"parent":0,"menu_order":0,"comment_status":"closed","ping_status":"closed","template":"","meta":{"footnotes":""},"class_list":["post-703","page","type-page","status-publish","hentry"],"_links":{"self":[{"href":"https:\/\/dinamocontabilidade.com.br\/site\/wp-json\/wp\/v2\/pages\/703"}],"collection":[{"href":"https:\/\/dinamocontabilidade.com.br\/site\/wp-json\/wp\/v2\/pages"}],"about":[{"href":"https:\/\/dinamocontabilidade.com.br\/site\/wp-json\/wp\/v2\/types\/page"}],"author":[{"embeddable":true,"href":"https:\/\/dinamocontabilidade.com.br\/site\/wp-json\/wp\/v2\/users\/1"}],"replies":[{"embeddable":true,"href":"https:\/\/dinamocontabilidade.com.br\/site\/wp-json\/wp\/v2\/comments?post=703"}],"version-history":[{"count":2,"href":"https:\/\/dinamocontabilidade.com.br\/site\/wp-json\/wp\/v2\/pages\/703\/revisions"}],"predecessor-version":[{"id":709,"href":"https:\/\/dinamocontabilidade.com.br\/site\/wp-json\/wp\/v2\/pages\/703\/revisions\/709"}],"wp:attachment":[{"href":"https:\/\/dinamocontabilidade.com.br\/site\/wp-json\/wp\/v2\/media?parent=703"}],"curies":[{"name":"wp","href":"https:\/\/api.w.org\/{rel}","templated":true}]}}