{"id":697,"date":"2024-07-16T13:29:35","date_gmt":"2024-07-16T13:29:35","guid":{"rendered":"https:\/\/dinamocontabilidade.com.br\/site\/?page_id=697"},"modified":"2024-07-16T13:50:36","modified_gmt":"2024-07-16T13:50:36","slug":"direito-do-titular","status":"publish","type":"page","link":"https:\/\/dinamocontabilidade.com.br\/site\/direito-do-titular\/","title":{"rendered":"Direitos do Titular"},"content":{"rendered":"\n<p>Formul\u00e1rio para solicita\u00e7\u00e3o de Direitos do Titular (Lei Geral de Prote\u00e7\u00e3o de Dados \u2013 LGPD)<\/p>\n\n\n\n<p>Por favor, preencha este formul\u00e1rio se quiser fazer uma solicita\u00e7\u00e3o sobre as informa\u00e7\u00f5es que a D\u00ednamo possui sobre voc\u00ea. Para isso, as solicita\u00e7\u00f5es devem ser espec\u00edficas, claras e razo\u00e1veis.<\/p>\n\n\n\n<p>Para obter mais detalhes e informa\u00e7\u00f5es sobre como protegemos suas informa\u00e7\u00f5es pessoais,&nbsp;leia&nbsp;nosso Aviso de Privacidade.<\/p>\n\n\n<style id=\"wpforms-css-vars-root\">\n\t\t\t\t:root {\n\t\t\t\t\t--wpforms-field-border-radius: 3px;\n--wpforms-field-border-style: solid;\n--wpforms-field-border-size: 1px;\n--wpforms-field-background-color: #ffffff;\n--wpforms-field-border-color: rgba( 0, 0, 0, 0.25 );\n--wpforms-field-border-color-spare: rgba( 0, 0, 0, 0.25 );\n--wpforms-field-text-color: rgba( 0, 0, 0, 0.7 );\n--wpforms-field-menu-color: #ffffff;\n--wpforms-label-color: rgba( 0, 0, 0, 0.85 );\n--wpforms-label-sublabel-color: rgba( 0, 0, 0, 0.55 );\n--wpforms-label-error-color: #d63637;\n--wpforms-button-border-radius: 3px;\n--wpforms-button-border-style: none;\n--wpforms-button-border-size: 1px;\n--wpforms-button-background-color: #066aab;\n--wpforms-button-border-color: #066aab;\n--wpforms-button-text-color: #ffffff;\n--wpforms-page-break-color: #066aab;\n--wpforms-background-image: none;\n--wpforms-background-position: center center;\n--wpforms-background-repeat: no-repeat;\n--wpforms-background-size: cover;\n--wpforms-background-width: 100px;\n--wpforms-background-height: 100px;\n--wpforms-background-color: rgba( 0, 0, 0, 0 );\n--wpforms-background-url: none;\n--wpforms-container-padding: 0px;\n--wpforms-container-border-style: none;\n--wpforms-container-border-width: 1px;\n--wpforms-container-border-color: #000000;\n--wpforms-container-border-radius: 3px;\n--wpforms-field-size-input-height: 43px;\n--wpforms-field-size-input-spacing: 15px;\n--wpforms-field-size-font-size: 16px;\n--wpforms-field-size-line-height: 19px;\n--wpforms-field-size-padding-h: 14px;\n--wpforms-field-size-checkbox-size: 16px;\n--wpforms-field-size-sublabel-spacing: 5px;\n--wpforms-field-size-icon-size: 1;\n--wpforms-label-size-font-size: 16px;\n--wpforms-label-size-line-height: 19px;\n--wpforms-label-size-sublabel-font-size: 14px;\n--wpforms-label-size-sublabel-line-height: 17px;\n--wpforms-button-size-font-size: 17px;\n--wpforms-button-size-height: 41px;\n--wpforms-button-size-padding-h: 15px;\n--wpforms-button-size-margin-top: 10px;\n--wpforms-container-shadow-size-box-shadow: none;\n\n\t\t\t\t}\n\t\t\t<\/style><div class=\"wpforms-container wpforms-container-full wpforms-block wpforms-block-10cb8dcf-3ab7-4838-aea4-5dde99394fb3 wpforms-render-modern\" id=\"wpforms-699\"><form id=\"wpforms-form-699\" class=\"wpforms-validate wpforms-form wpforms-ajax-form\" data-formid=\"699\" method=\"post\" enctype=\"multipart\/form-data\" action=\"\/site\/wp-json\/wp\/v2\/pages\/697\" data-token=\"fdb916e3658f8d611f3bcb29cf21fdbc\" data-token-time=\"1777500674\"><noscript class=\"wpforms-error-noscript\">Ative o JavaScript no seu navegador para preencher este formul\u00e1rio.<\/noscript><div class=\"wpforms-hidden\" id=\"wpforms-error-noscript\">Ative o JavaScript no seu navegador para preencher este formul\u00e1rio.<\/div><div class=\"wpforms-field-container\"><div id=\"wpforms-699-field_1-container\" class=\"wpforms-field wpforms-field-radio wpforms-list-inline\" data-field-id=\"1\"><fieldset><legend class=\"wpforms-field-label\">Sou um(a)<\/legend><ul id=\"wpforms-699-field_1\"><li class=\"choice-1 depth-1\"><input type=\"radio\" id=\"wpforms-699-field_1_1\" name=\"wpforms[fields][1]\" value=\"Colaborador (a)\" aria-errormessage=\"wpforms-699-field_1_1-error\"  ><label class=\"wpforms-field-label-inline\" for=\"wpforms-699-field_1_1\">Colaborador (a)<\/label><\/li><li class=\"choice-2 depth-1\"><input type=\"radio\" id=\"wpforms-699-field_1_2\" name=\"wpforms[fields][1]\" value=\"Ex-colaborador (a)\" aria-errormessage=\"wpforms-699-field_1_2-error\"  ><label class=\"wpforms-field-label-inline\" for=\"wpforms-699-field_1_2\">Ex-colaborador (a)<\/label><\/li><li class=\"choice-3 depth-1\"><input type=\"radio\" id=\"wpforms-699-field_1_3\" name=\"wpforms[fields][1]\" value=\"Cliente\" aria-errormessage=\"wpforms-699-field_1_3-error\"  ><label class=\"wpforms-field-label-inline\" for=\"wpforms-699-field_1_3\">Cliente<\/label><\/li><li class=\"choice-4 depth-1\"><input type=\"radio\" id=\"wpforms-699-field_1_4\" name=\"wpforms[fields][1]\" value=\"Ex-cliente\" aria-errormessage=\"wpforms-699-field_1_4-error\"  ><label class=\"wpforms-field-label-inline\" for=\"wpforms-699-field_1_4\">Ex-cliente<\/label><\/li><li class=\"choice-5 depth-1\"><input type=\"radio\" id=\"wpforms-699-field_1_5\" name=\"wpforms[fields][1]\" value=\"Fornecedor\" aria-errormessage=\"wpforms-699-field_1_5-error\"  ><label class=\"wpforms-field-label-inline\" for=\"wpforms-699-field_1_5\">Fornecedor<\/label><\/li><li class=\"choice-6 depth-1\"><input type=\"radio\" id=\"wpforms-699-field_1_6\" name=\"wpforms[fields][1]\" value=\"Ex-Fornecedor\" aria-errormessage=\"wpforms-699-field_1_6-error\"  ><label class=\"wpforms-field-label-inline\" for=\"wpforms-699-field_1_6\">Ex-Fornecedor<\/label><\/li><li class=\"choice-7 depth-1\"><input type=\"radio\" id=\"wpforms-699-field_1_7\" name=\"wpforms[fields][1]\" value=\"Outros\" aria-errormessage=\"wpforms-699-field_1_7-error\"  ><label class=\"wpforms-field-label-inline\" for=\"wpforms-699-field_1_7\">Outros<\/label><\/li><\/ul><\/fieldset><\/div><div id=\"wpforms-699-field_2-container\" class=\"wpforms-field wpforms-field-radio wpforms-list-inline\" data-field-id=\"2\"><fieldset><legend class=\"wpforms-field-label\">Escolha seu direito (Obrigat\u00f3rio) <span class=\"wpforms-required-label\" aria-hidden=\"true\">*<\/span><\/legend><ul id=\"wpforms-699-field_2\" class=\"wpforms-field-required\"><li class=\"choice-1 depth-1\"><input type=\"radio\" id=\"wpforms-699-field_2_1\" name=\"wpforms[fields][2]\" value=\"Atualizar dados\" aria-errormessage=\"wpforms-699-field_2_1-error\" required ><label class=\"wpforms-field-label-inline\" for=\"wpforms-699-field_2_1\">Atualizar dados<\/label><\/li><li class=\"choice-2 depth-1\"><input type=\"radio\" id=\"wpforms-699-field_2_2\" name=\"wpforms[fields][2]\" value=\"Solicita\u00e7\u00e3o de Informa\u00e7\u00f5es\" aria-errormessage=\"wpforms-699-field_2_2-error\" required ><label class=\"wpforms-field-label-inline\" for=\"wpforms-699-field_2_2\">Solicita\u00e7\u00e3o de Informa\u00e7\u00f5es<\/label><\/li><li class=\"choice-3 depth-1\"><input type=\"radio\" id=\"wpforms-699-field_2_3\" name=\"wpforms[fields][2]\" value=\"Elimina\u00e7\u00e3o de Dados\" aria-errormessage=\"wpforms-699-field_2_3-error\" required ><label class=\"wpforms-field-label-inline\" for=\"wpforms-699-field_2_3\">Elimina\u00e7\u00e3o de Dados<\/label><\/li><\/ul><\/fieldset><\/div><div id=\"wpforms-699-field_3-container\" class=\"wpforms-field wpforms-field-text\" data-field-id=\"3\"><label class=\"wpforms-field-label\" for=\"wpforms-699-field_3\">Nome (Obrigat\u00f3rio) <span class=\"wpforms-required-label\" aria-hidden=\"true\">*<\/span><\/label><input type=\"text\" id=\"wpforms-699-field_3\" class=\"wpforms-field-medium wpforms-field-required\" name=\"wpforms[fields][3]\" aria-errormessage=\"wpforms-699-field_3-error\" required><\/div><div id=\"wpforms-699-field_4-container\" class=\"wpforms-field wpforms-field-text\" data-field-id=\"4\"><label class=\"wpforms-field-label\" for=\"wpforms-699-field_4\">CPF (Obrigat\u00f3rio) <span class=\"wpforms-required-label\" aria-hidden=\"true\">*<\/span><\/label><input type=\"text\" id=\"wpforms-699-field_4\" class=\"wpforms-field-medium wpforms-field-required\" name=\"wpforms[fields][4]\" aria-errormessage=\"wpforms-699-field_4-error\" required><\/div><div id=\"wpforms-699-field_5-container\" class=\"wpforms-field wpforms-field-text\" data-field-id=\"5\"><label class=\"wpforms-field-label\" for=\"wpforms-699-field_5\">E-mail (Obrigat\u00f3rio) <span class=\"wpforms-required-label\" aria-hidden=\"true\">*<\/span><\/label><input type=\"text\" id=\"wpforms-699-field_5\" class=\"wpforms-field-medium wpforms-field-required\" name=\"wpforms[fields][5]\" aria-errormessage=\"wpforms-699-field_5-error\" required><\/div><div id=\"wpforms-699-field_6-container\" class=\"wpforms-field wpforms-field-text\" data-field-id=\"6\"><label class=\"wpforms-field-label\" for=\"wpforms-699-field_6\">Telefone<\/label><input type=\"text\" id=\"wpforms-699-field_6\" class=\"wpforms-field-medium\" name=\"wpforms[fields][6]\" aria-errormessage=\"wpforms-699-field_6-error\" ><\/div><div id=\"wpforms-699-field_7-container\" class=\"wpforms-field wpforms-field-textarea\" data-field-id=\"7\"><label class=\"wpforms-field-label\" for=\"wpforms-699-field_7\">Detalhe da Solicita\u00e7\u00e3o<\/label><textarea id=\"wpforms-699-field_7\" class=\"wpforms-field-medium\" name=\"wpforms[fields][7]\" aria-errormessage=\"wpforms-699-field_7-error\" ><\/textarea><\/div><\/div><!-- .wpforms-field-container --><div class=\"wpforms-submit-container\" ><input type=\"hidden\" name=\"wpforms[id]\" value=\"699\"><input type=\"hidden\" name=\"page_title\" value=\"\"><input type=\"hidden\" name=\"page_url\" value=\"https:\/\/dinamocontabilidade.com.br\/site\/wp-json\/wp\/v2\/pages\/697\"><button type=\"submit\" name=\"wpforms[submit]\" id=\"wpforms-submit-699\" class=\"wpforms-submit\" data-alt-text=\"Enviando\u2026\" data-submit-text=\"Enviar\" aria-live=\"assertive\" value=\"wpforms-submit\">Enviar<\/button><img loading=\"lazy\" decoding=\"async\" src=\"https:\/\/dinamocontabilidade.com.br\/site\/wp-content\/plugins\/wpforms-lite\/assets\/images\/submit-spin.svg\" class=\"wpforms-submit-spinner\" style=\"display: none;\" width=\"26\" height=\"26\" alt=\"Carregando\"><\/div><\/form><\/div>  <!-- .wpforms-container -->","protected":false},"excerpt":{"rendered":"<p>Formul\u00e1rio para solicita\u00e7\u00e3o de Direitos do Titular (Lei Geral de Prote\u00e7\u00e3o de Dados \u2013 LGPD) Por favor, preencha este formul\u00e1rio se quiser fazer uma solicita\u00e7\u00e3o sobre as informa\u00e7\u00f5es que a D\u00ednamo possui sobre voc\u00ea. Para isso, as solicita\u00e7\u00f5es devem ser [&hellip;]<\/p>\n","protected":false},"author":1,"featured_media":0,"parent":0,"menu_order":0,"comment_status":"closed","ping_status":"closed","template":"","meta":{"footnotes":""},"class_list":["post-697","page","type-page","status-publish","hentry"],"_links":{"self":[{"href":"https:\/\/dinamocontabilidade.com.br\/site\/wp-json\/wp\/v2\/pages\/697"}],"collection":[{"href":"https:\/\/dinamocontabilidade.com.br\/site\/wp-json\/wp\/v2\/pages"}],"about":[{"href":"https:\/\/dinamocontabilidade.com.br\/site\/wp-json\/wp\/v2\/types\/page"}],"author":[{"embeddable":true,"href":"https:\/\/dinamocontabilidade.com.br\/site\/wp-json\/wp\/v2\/users\/1"}],"replies":[{"embeddable":true,"href":"https:\/\/dinamocontabilidade.com.br\/site\/wp-json\/wp\/v2\/comments?post=697"}],"version-history":[{"count":3,"href":"https:\/\/dinamocontabilidade.com.br\/site\/wp-json\/wp\/v2\/pages\/697\/revisions"}],"predecessor-version":[{"id":708,"href":"https:\/\/dinamocontabilidade.com.br\/site\/wp-json\/wp\/v2\/pages\/697\/revisions\/708"}],"wp:attachment":[{"href":"https:\/\/dinamocontabilidade.com.br\/site\/wp-json\/wp\/v2\/media?parent=697"}],"curies":[{"name":"wp","href":"https:\/\/api.w.org\/{rel}","templated":true}]}}