{"id":688,"date":"2024-07-16T12:39:42","date_gmt":"2024-07-16T12:39:42","guid":{"rendered":"https:\/\/dinamocontabilidade.com.br\/site\/?page_id=688"},"modified":"2024-07-16T13:25:31","modified_gmt":"2024-07-16T13:25:31","slug":"politica-de-cookies","status":"publish","type":"page","link":"https:\/\/dinamocontabilidade.com.br\/site\/politica-de-cookies\/","title":{"rendered":"Pol\u00edtica de Cookies"},"content":{"rendered":"\n<p>A\u00a0Pol\u00edtica de Cookies \u00e9 um documento complementar \u00e0 Pol\u00edtica de Seguran\u00e7a e Privacidade de dados da D\u00ednamo Contabilidade, dispon\u00edvel neste site <a href=\"https:\/\/dinamocontabilidade.com.br\/\">dinamocontabilidade.com.br<\/a> para voc\u00ea conferir.\u00a0 Aqui, voc\u00ea encontrar\u00e1 informa\u00e7\u00f5es objetivas e claras sobre o que s\u00e3o Cookies e quais utilizamos em nossas aplica\u00e7\u00f5es, e o seu papel desempenhado e como configur\u00e1-los.<\/p>\n\n\n\n<p><strong>O QUE \u00c9 COOKIES?<\/strong><\/p>\n\n\n\n<p><p class=\"MsoNormal\" style=\"text-align:justify\">Cookies s\u00e3o arquivos de informa\u00e7\u00f5es que s\u00e3o armazenados no seu computador ou dispositivos m\u00f3veis<br>atrav\u00e9s do navegador de internet (browser). Estes arquivos permitem que, durante um per\u00edodo de tempo, um website \u201cse lembre\u201d das a\u00e7\u00f5es e prefer\u00eancias registradas em nome do Usu\u00e1rio, ao ingressar a um website que j\u00e1 visitou, n\u00e3o tenha, em princ\u00edpio, que indicar novamente as suas prefer\u00eancias de navega\u00e7\u00e3o<br>(idioma, fonte, forma de visualiza\u00e7\u00e3o etc). Os Cookies podem ser permanentes ou tempor\u00e1rios.<\/p><\/p>\n\n\n\n<p>Informaremos quando voc\u00ea visitar nosso site <a href=\"https:\/\/dinamocontabilidade.com.br\/\">dinamocontabilidade.com.br<\/a> que tipos de cookies usamos e como desativa-los. Voc\u00ea pode recusar o uso de cookies a qualquer momento em seu computador, lembramos que, caso n\u00e3o aceite alguns cookies, certos servi\u00e7os poder\u00e3o n\u00e3o funcionar de maneira ideal.<\/p>\n\n\n\n<p>Assim, essa p\u00e1gina consegue armazenar e recuperar os dados sobre os seus h\u00e1bitos de navega\u00e7\u00e3o, de forma a melhorar a experi\u00eancia de uso, por exemplo. \u00c9 importante frisar que eles n\u00e3o cont\u00eam informa\u00e7\u00f5es pessoais espec\u00edficas, como dados sens\u00edveis ou banc\u00e1rios.<\/p>\n\n\n\n<p>Eles cont\u00eam informa\u00e7\u00f5es sobre a sua navega\u00e7\u00e3o em nossas p\u00e1ginas e ret\u00eam apenas informa\u00e7\u00f5es relacionadas a suas prefer\u00eancias.<\/p>\n\n\n\n<p>O seu navegador armazena os cookies no disco r\u00edgido, mas ocupam um espa\u00e7o de mem\u00f3ria m\u00ednimo, que n\u00e3o afetam o desempenho do seu computador. A maioria das informa\u00e7\u00f5es s\u00e3o apagadas logo ao encerrar a sess\u00e3o, como voc\u00ea ver\u00e1 no pr\u00f3ximo t\u00f3pico.<\/p>\n\n\n\n<p><strong>TIPOS DE COOKIES<\/strong><\/p>\n\n\n\n<p><p class=\"MsoNormal\" style=\"text-align:justify\">Os cookies, quanto a seus propriet\u00e1rios, podem ser:<\/p><\/p>\n\n\n\n<p><p class=\"MsoNormal\" style=\"text-align:justify\">Cookies de propriet\u00e1rios: S\u00e3o cookies definidos por n\u00f3s ou por terceiros em nosso nome. <\/p><\/p>\n\n\n\n<p><p class=\"MsoNormal\" style=\"text-align:justify\">Cookies de terceiros: s\u00e3o cookies definidos por terceiros confi\u00e1veis em nossa aplica\u00e7\u00e3o elencado no nosso site como filiado<\/p><span style=\"color: red; font-size: revert; text-align: center;\">Os cookies, quanto ao seu tempo de vida, podem ser:<\/span><br><p class=\"MsoNormal\">Cookies de sess\u00e3o ou tempor\u00e1rios: S\u00e3o cookies que expiram assim que voc\u00ea fecha o seu navegador, encerrando a sess\u00e3o.<\/p>Cookies persistentes ou permanentes: s\u00e3o cookies que permanecem no seu dispositivo durante um per\u00edodo determinado ou at\u00e9 que voc\u00ea os exclua.<\/p>\n\n\n\n<p><p class=\"MsoNormal\"><span style=\"color:red\">Os cookies, quanto a sua finalidade, podem ser:<\/span><\/p><\/p>\n\n\n\n<p>Cookies necess\u00e1rios: s\u00e3o cookies essenciais que possibilitam a navega\u00e7\u00e3o em nossas aplica\u00e7\u00f5es e o acesso a todos os recursos; se estes, nossos servi\u00e7os podem apresentar mal desempenho ou n\u00e3o funcionar.<\/p>\n\n\n\n<p>Cookies de Desempenho: s\u00e3o cookies que otimizam a forma que nossas aplica\u00e7\u00f5es funcionam, coletando informa\u00e7\u00f5es an\u00f4nimas sobre as p\u00e1ginas acessadas por voc\u00ea.<\/p>\n\n\n\n<p>Cookies de funcionalidade: s\u00e3o cookies que memorizam suas prefer\u00eancias e escolhas (como seu nome de usu\u00e1rio).<\/p>\n\n\n\n<p>Cookies de publicidade: s\u00e3o cookies que direcionam an\u00fancios em fun\u00e7\u00e3o dos seus interesses e limitam a quantidade de vezes que o an\u00fancio aparece.<\/p>\n\n\n\n<p><strong>POR QUE USAMOS COOKIES EM NOSSA P\u00c1GINA?<\/strong><\/p>\n\n\n\n<p>A Dinamo Contabilidade utiliza Cookies para fornecer a melhor experi\u00eancia de uso, tornando nossas aplica\u00e7\u00f5es mais f\u00e1ceis e personalizadas, tendo por base suas escolhas e comportamento de navega\u00e7\u00e3o.<\/p>\n\n\n\n<p>Assim, buscamos entender como voc\u00ea utiliza nossas aplica\u00e7\u00f5es e ajustar o conte\u00fado para torn\u00e1-lo mais relevante para voc\u00ea, al\u00e9m de lembrar de suas prefer\u00eancias.<\/p>\n\n\n\n<p>Os Cookies participam deste processo porquanto armazenam, leem e executam os dados necess\u00e1rios para cumprir com o nosso objetivo.<\/p>\n\n\n\n<p><strong>QUAIS OS TIPOS DE COOKIES UTILIZAMOS?<\/strong><\/p>\n\n\n\n<p>Abaixo listamos todos os Cookies que podem ser utilizados pela Dinamo Contabilidade. \u00c9 importante lembrar que voc\u00ea pode gerenciar a permiss\u00e3o concedida para cada Cookie em seu navegador.<\/p>\n\n\n\n<p>Al\u00e9m disso, uma vez que os Cookies capturam dados sobre voc\u00ea, aconselhamos a leitura de nossa Pol\u00edtica de Seguran\u00e7a e Privacidade de Dados, dispon\u00edvel no site.<\/p>\n\n\n\n<p><strong>COOKIES NECESS\u00c1RIOS NA P\u00c1GINA<\/strong><\/p>\n\n\n\n<figure class=\"wp-block-image size-large\"><a href=\"https:\/\/dinamocontabilidade.com.br\/site\/wp-content\/uploads\/2024\/07\/1-NECESSARIOS.png\"><img loading=\"lazy\" decoding=\"async\" width=\"1024\" height=\"162\" src=\"https:\/\/dinamocontabilidade.com.br\/site\/wp-content\/uploads\/2024\/07\/1-NECESSARIOS-1024x162.png\" alt=\"\" class=\"wp-image-689\" srcset=\"https:\/\/dinamocontabilidade.com.br\/site\/wp-content\/uploads\/2024\/07\/1-NECESSARIOS-1024x162.png 1024w, https:\/\/dinamocontabilidade.com.br\/site\/wp-content\/uploads\/2024\/07\/1-NECESSARIOS-300x47.png 300w, https:\/\/dinamocontabilidade.com.br\/site\/wp-content\/uploads\/2024\/07\/1-NECESSARIOS-768x121.png 768w, https:\/\/dinamocontabilidade.com.br\/site\/wp-content\/uploads\/2024\/07\/1-NECESSARIOS-260x41.png 260w, https:\/\/dinamocontabilidade.com.br\/site\/wp-content\/uploads\/2024\/07\/1-NECESSARIOS-50x8.png 50w, https:\/\/dinamocontabilidade.com.br\/site\/wp-content\/uploads\/2024\/07\/1-NECESSARIOS-150x24.png 150w, https:\/\/dinamocontabilidade.com.br\/site\/wp-content\/uploads\/2024\/07\/1-NECESSARIOS.png 1147w\" sizes=\"(max-width: 1024px) 100vw, 1024px\" \/><\/a><\/figure>\n\n\n\n<p><strong>COOKIES DE DESEMPENHO NA P\u00c1GINA<\/strong><\/p>\n\n\n\n<figure class=\"wp-block-image size-large\"><a href=\"https:\/\/dinamocontabilidade.com.br\/site\/wp-content\/uploads\/2024\/07\/1-NECESSARIOS.png\"><img loading=\"lazy\" decoding=\"async\" width=\"1024\" height=\"162\" src=\"https:\/\/dinamocontabilidade.com.br\/site\/wp-content\/uploads\/2024\/07\/1-NECESSARIOS-1024x162.png\" alt=\"\" class=\"wp-image-689\" srcset=\"https:\/\/dinamocontabilidade.com.br\/site\/wp-content\/uploads\/2024\/07\/1-NECESSARIOS-1024x162.png 1024w, https:\/\/dinamocontabilidade.com.br\/site\/wp-content\/uploads\/2024\/07\/1-NECESSARIOS-300x47.png 300w, https:\/\/dinamocontabilidade.com.br\/site\/wp-content\/uploads\/2024\/07\/1-NECESSARIOS-768x121.png 768w, https:\/\/dinamocontabilidade.com.br\/site\/wp-content\/uploads\/2024\/07\/1-NECESSARIOS-260x41.png 260w, https:\/\/dinamocontabilidade.com.br\/site\/wp-content\/uploads\/2024\/07\/1-NECESSARIOS-50x8.png 50w, https:\/\/dinamocontabilidade.com.br\/site\/wp-content\/uploads\/2024\/07\/1-NECESSARIOS-150x24.png 150w, https:\/\/dinamocontabilidade.com.br\/site\/wp-content\/uploads\/2024\/07\/1-NECESSARIOS.png 1147w\" sizes=\"(max-width: 1024px) 100vw, 1024px\" \/><\/a><\/figure>\n\n\n\n<p><strong>COOKIES DE FUNCIONALIDADE NA P\u00c1GINA<\/strong><\/p>\n\n\n\n<figure class=\"wp-block-image size-large\"><a href=\"https:\/\/dinamocontabilidade.com.br\/site\/wp-content\/uploads\/2024\/07\/1-NECESSARIOS.png\"><img loading=\"lazy\" decoding=\"async\" width=\"1024\" height=\"162\" src=\"https:\/\/dinamocontabilidade.com.br\/site\/wp-content\/uploads\/2024\/07\/1-NECESSARIOS-1024x162.png\" alt=\"\" class=\"wp-image-689\" srcset=\"https:\/\/dinamocontabilidade.com.br\/site\/wp-content\/uploads\/2024\/07\/1-NECESSARIOS-1024x162.png 1024w, https:\/\/dinamocontabilidade.com.br\/site\/wp-content\/uploads\/2024\/07\/1-NECESSARIOS-300x47.png 300w, https:\/\/dinamocontabilidade.com.br\/site\/wp-content\/uploads\/2024\/07\/1-NECESSARIOS-768x121.png 768w, https:\/\/dinamocontabilidade.com.br\/site\/wp-content\/uploads\/2024\/07\/1-NECESSARIOS-260x41.png 260w, https:\/\/dinamocontabilidade.com.br\/site\/wp-content\/uploads\/2024\/07\/1-NECESSARIOS-50x8.png 50w, https:\/\/dinamocontabilidade.com.br\/site\/wp-content\/uploads\/2024\/07\/1-NECESSARIOS-150x24.png 150w, https:\/\/dinamocontabilidade.com.br\/site\/wp-content\/uploads\/2024\/07\/1-NECESSARIOS.png 1147w\" sizes=\"(max-width: 1024px) 100vw, 1024px\" \/><\/a><\/figure>\n\n\n\n<p><strong>COOKIES DE PUBLICIDADE NA P\u00c1GINA<\/strong><\/p>\n\n\n\n<figure class=\"wp-block-image size-large\"><a href=\"https:\/\/dinamocontabilidade.com.br\/site\/wp-content\/uploads\/2024\/07\/1-NECESSARIOS.png\"><img loading=\"lazy\" decoding=\"async\" width=\"1024\" height=\"162\" src=\"https:\/\/dinamocontabilidade.com.br\/site\/wp-content\/uploads\/2024\/07\/1-NECESSARIOS-1024x162.png\" alt=\"\" class=\"wp-image-689\" srcset=\"https:\/\/dinamocontabilidade.com.br\/site\/wp-content\/uploads\/2024\/07\/1-NECESSARIOS-1024x162.png 1024w, https:\/\/dinamocontabilidade.com.br\/site\/wp-content\/uploads\/2024\/07\/1-NECESSARIOS-300x47.png 300w, https:\/\/dinamocontabilidade.com.br\/site\/wp-content\/uploads\/2024\/07\/1-NECESSARIOS-768x121.png 768w, https:\/\/dinamocontabilidade.com.br\/site\/wp-content\/uploads\/2024\/07\/1-NECESSARIOS-260x41.png 260w, https:\/\/dinamocontabilidade.com.br\/site\/wp-content\/uploads\/2024\/07\/1-NECESSARIOS-50x8.png 50w, https:\/\/dinamocontabilidade.com.br\/site\/wp-content\/uploads\/2024\/07\/1-NECESSARIOS-150x24.png 150w, https:\/\/dinamocontabilidade.com.br\/site\/wp-content\/uploads\/2024\/07\/1-NECESSARIOS.png 1147w\" sizes=\"(max-width: 1024px) 100vw, 1024px\" \/><\/a><\/figure>\n\n\n\n<p><strong>GERENCIAMENTO DOS COOKIES NA P\u00c1GINA<\/strong><\/p>\n\n\n\n<p>A instala\u00e7\u00e3o dos cookies est\u00e1 sujeita ao seu consentimento. Voc\u00ea pode rever suas permiss\u00f5es a qualquer tempo, de forma a bloque\u00e1-los, aceit\u00e1-los ou ativar notifica\u00e7\u00f5es para quando alguns cookies forem enviados ao seu dispositivo.<\/p>\n\n\n\n<p>Atualmente, na primeira vez que voc\u00ea acessa nossas aplica\u00e7\u00f5es, ser\u00e1 requerida a sua concord\u00e2ncia com a instala\u00e7\u00e3o destes. Apenas ap\u00f3s a sua aceita\u00e7\u00e3o eles ser\u00e3o ativados.<\/p>\n\n\n\n<p>Para tanto, utilizamos um sistema de mecanismo que alerta e solicita o consentimento na p\u00e1gina inicial da Dinamo Contabilidade. Dessa maneira, n\u00e3o apenas solicitamos sua concord\u00e2ncia, mas tamb\u00e9m informamos que a navega\u00e7\u00e3o continuada em nossos sites ser\u00e1 entendida como consentimento.<\/p>\n\n\n\n<p>Como j\u00e1 dito, voc\u00ea pode, a qualquer tempo e sem nenhum custo, alterar as permiss\u00f5es, bloquear ou recusar os Cookies. Voc\u00ea tamb\u00e9m pode configur\u00e1-los caso a caso. Todavia, a revoga\u00e7\u00e3o do consentimento de determinados Cookies pode inviabilizar o funcionamento correto de alguns recursos da plataforma.<\/p>\n\n\n\n<p>Para gerenciar os cookies do seu navegador, basta faz\u00ea-lo diretamente nas configura\u00e7\u00f5es do navegador, na \u00e1rea de gest\u00e3o de Cookies.<\/p>\n\n\n\n<p><strong>DAS DISPOSI\u00c7\u00d5ES FINAIS<\/strong><\/p>\n\n\n\n<p>A Dinamo Contabilidade, temos a privacidade e confian\u00e7a s\u00e3o fundamentais para a nossa rela\u00e7\u00e3o com voc\u00ea. Estamos sempre nos atualizando para manter os mais altos padr\u00f5es de seguran\u00e7a<br>Assim, reservamo-nos o direito de alterar esta Pol\u00edtica de Cookies a qualquer tempo. As mudan\u00e7as entrar\u00e3o em vigor logo ap\u00f3s a publica\u00e7\u00e3o, e voc\u00ea ser\u00e1 avisado.<\/p>\n\n\n\n<p>Ao continuar a navega\u00e7\u00e3o nas nossas aplica\u00e7\u00f5es ap\u00f3s essa mudan\u00e7a se tornar eficaz, voc\u00ea concorda com elas. Aconselhamos que voc\u00ea sempre verifique esta Pol\u00edtica, bem como a nossa Pol\u00edtica de Seguran\u00e7a e Privacidade de Dados.<\/p>\n\n\n\n<p><strong>EM CASO DE D\u00daVIDAS SOBRE ESTA POL\u00cdTICA DE COOKIES, ENTRE EM CONTATO CONOSCO:<\/strong><\/p>\n\n\n\n<p>CARLOS ADRIANO PEREIRA DE MORAES &#8211; DPO (Data Protection Officer) ou Andr\u00e9 Luiz de Macedo- Encarregado(a) de prote\u00e7\u00e3o dos dados pessoais da empresa Dinamo Contabilidade e-mail dpo@c1assessoria.com.br ou pelo telefone (62) 99983-0202.<\/p>\n\n\n\n<p>Esta Pol\u00edtica de Cookies foi atualizada pela \u00faltima vez: 01\/04\/2024<\/p>\n","protected":false},"excerpt":{"rendered":"<p>A\u00a0Pol\u00edtica de Cookies \u00e9 um documento complementar \u00e0 Pol\u00edtica de Seguran\u00e7a e Privacidade de dados da D\u00ednamo Contabilidade, dispon\u00edvel neste site dinamocontabilidade.com.br para voc\u00ea conferir.\u00a0 Aqui, voc\u00ea encontrar\u00e1 informa\u00e7\u00f5es objetivas e claras sobre o que s\u00e3o Cookies e quais utilizamos [&hellip;]<\/p>\n","protected":false},"author":1,"featured_media":0,"parent":0,"menu_order":0,"comment_status":"closed","ping_status":"closed","template":"","meta":{"footnotes":""},"class_list":["post-688","page","type-page","status-publish","hentry"],"_links":{"self":[{"href":"https:\/\/dinamocontabilidade.com.br\/site\/wp-json\/wp\/v2\/pages\/688"}],"collection":[{"href":"https:\/\/dinamocontabilidade.com.br\/site\/wp-json\/wp\/v2\/pages"}],"about":[{"href":"https:\/\/dinamocontabilidade.com.br\/site\/wp-json\/wp\/v2\/types\/page"}],"author":[{"embeddable":true,"href":"https:\/\/dinamocontabilidade.com.br\/site\/wp-json\/wp\/v2\/users\/1"}],"replies":[{"embeddable":true,"href":"https:\/\/dinamocontabilidade.com.br\/site\/wp-json\/wp\/v2\/comments?post=688"}],"version-history":[{"count":4,"href":"https:\/\/dinamocontabilidade.com.br\/site\/wp-json\/wp\/v2\/pages\/688\/revisions"}],"predecessor-version":[{"id":696,"href":"https:\/\/dinamocontabilidade.com.br\/site\/wp-json\/wp\/v2\/pages\/688\/revisions\/696"}],"wp:attachment":[{"href":"https:\/\/dinamocontabilidade.com.br\/site\/wp-json\/wp\/v2\/media?parent=688"}],"curies":[{"name":"wp","href":"https:\/\/api.w.org\/{rel}","templated":true}]}}