{"id":685,"date":"2024-07-16T12:16:17","date_gmt":"2024-07-16T12:16:17","guid":{"rendered":"https:\/\/dinamocontabilidade.com.br\/site\/?page_id=685"},"modified":"2024-07-16T12:16:17","modified_gmt":"2024-07-16T12:16:17","slug":"politica-de-privacidade-2","status":"publish","type":"page","link":"https:\/\/dinamocontabilidade.com.br\/site\/politica-de-privacidade-2\/","title":{"rendered":"Pol\u00edtica de Privacidade"},"content":{"rendered":"\n<p>A DINAMO CONTABILIDADE LTDA \u00e9 uma empresa especializada no setor de condom\u00ednios. \u00a0somos uma empresa especializada no setor de contabilidade. Em atua\u00e7\u00e3o desde 2011, orienta seus clientes sobre a necessidade e obrigatoriedade de uma boa pr\u00e1tica fiscal e cont\u00e1bil, atrav\u00e9s de a\u00e7\u00f5es preventivas que visam a excel\u00eancia da gest\u00e3o.<\/p>\n\n\n\n<p><strong>ABRANG\u00caNCIA<\/strong><\/p>\n\n\n\n<p>A DINAMO CONTABILIDADE LTDA, est\u00e1 comprometida com a prote\u00e7\u00e3o de dados e informa\u00e7\u00f5es pessoais que s\u00e3o compartilhados pelos usu\u00e1rios para al\u00e9m da Lei n\u00ba 13.709\/2018 Lei Geral de Prote\u00e7\u00e3o de Dados Pessoais (LGPD).<\/p>\n\n\n\n<p>Essa pol\u00edtica se aplica a todos os dados pessoais e dados pessoais sens\u00edveis, tratados pela Dinamo Contabilidade Ltda, direta ou indiretamente, de todos os indiv\u00edduos, incluindo, mas n\u00e3o limitados aos atuais ou futuros clientes, fornecedores, parceiros comerciais, colaboradores, candidatos a emprego e terceiros, devendo ser integralmente cumprida por todos seus colaboradores e parceiros comerciais.<\/p>\n\n\n\n<p>Os colaboradores que descumprirem os termos e condi\u00e7\u00f5es da presente Pol\u00edtica podem sofrer as san\u00e7\u00f5es e penalidades aplic\u00e1veis pela legisla\u00e7\u00e3o trabalhista vigente. Fornecedores e terceiros podem ter o relacionamento descontinuado, sem direito a indeniza\u00e7\u00e3o e formalidades adicionais.<\/p>\n\n\n\n<p><strong>DOS PRINC\u00cdPIOS<\/strong><\/p>\n\n\n\n<p>A aplica\u00e7\u00e3o desta Pol\u00edtica \u00e9 pautada pelo dever de boa-f\u00e9 e pela observ\u00e2ncia dos princ\u00edpios previstos no art. 6\u00ba da Lei Geral de Prote\u00e7\u00e3o de Dados Pessoais (LGPD) a saber: finalidade, adequa\u00e7\u00e3o, necessidade, livre acesso, qualidade dos dados, transpar\u00eancia, seguran\u00e7a, preven\u00e7\u00e3o, n\u00e3o discrimina\u00e7\u00e3o e responsabiliza\u00e7\u00e3o e presta\u00e7\u00e3o de contas.<\/p>\n\n\n\n<p><strong>DO TRATAMENTO DE DADOS PESSOAIS<\/strong><\/p>\n\n\n\n<p>A Dinamo Contabilidade Ltda, para cumprir os seus objetivos sociais e no curso de suas atividades pode praticar o tratamento de dados pessoais e dados pessoais sens\u00edveis de seus clientes, fornecedores, parceiros comerciais, colaboradores, candidatos a emprego e terceiros.<\/p>\n\n\n\n<figure class=\"wp-block-image size-large\"><a href=\"https:\/\/dinamocontabilidade.com.br\/site\/wp-content\/uploads\/2024\/07\/LGPD-SITE.png\"><img loading=\"lazy\" decoding=\"async\" width=\"1024\" height=\"580\" src=\"https:\/\/dinamocontabilidade.com.br\/site\/wp-content\/uploads\/2024\/07\/LGPD-SITE-1024x580.png\" alt=\"\" class=\"wp-image-686\" srcset=\"https:\/\/dinamocontabilidade.com.br\/site\/wp-content\/uploads\/2024\/07\/LGPD-SITE-1024x580.png 1024w, https:\/\/dinamocontabilidade.com.br\/site\/wp-content\/uploads\/2024\/07\/LGPD-SITE-300x170.png 300w, https:\/\/dinamocontabilidade.com.br\/site\/wp-content\/uploads\/2024\/07\/LGPD-SITE-768x435.png 768w, https:\/\/dinamocontabilidade.com.br\/site\/wp-content\/uploads\/2024\/07\/LGPD-SITE-258x146.png 258w, https:\/\/dinamocontabilidade.com.br\/site\/wp-content\/uploads\/2024\/07\/LGPD-SITE-50x28.png 50w, https:\/\/dinamocontabilidade.com.br\/site\/wp-content\/uploads\/2024\/07\/LGPD-SITE-132x75.png 132w, https:\/\/dinamocontabilidade.com.br\/site\/wp-content\/uploads\/2024\/07\/LGPD-SITE.png 1074w\" sizes=\"(max-width: 1024px) 100vw, 1024px\" \/><\/a><\/figure>\n\n\n\n<p>A Dinamo Contabilidade Ltda, pode coletar dados de crian\u00e7as e adolescentes, que ser\u00e1 com a \u00fanica finalidade de cumprir obriga\u00e7\u00f5es legais; em hip\u00f3teses leg\u00edtimas, em quest\u00f5es inerentes \u00e0s suas atividades; de acordo com a legisla\u00e7\u00e3o espec\u00edfica e respeitado seus melhores interesses.<\/p>\n\n\n\n<p>Para tanto, obter\u00e1 o consentimento diretamente com seus pais e\/ou seus representantes legais, na forma da legisla\u00e7\u00e3o aplic\u00e1vel, para o tratamento de dados.<\/p>\n\n\n\n<p><strong>DOS DIREITOS DO TITULAR DE DADOS PESSOAIS<\/strong><\/p>\n\n\n\n<p>A Dinamo Contabilidade Ltda, zela para que o Titular do Dado Pessoal possa usufruir dos direitos assegurados pelos artigos 18 e 19 da LGPD, que s\u00e3o os seguintes:<\/p>\n\n\n\n<ul class=\"wp-block-list\">\n<li>A confirma\u00e7\u00e3o da exist\u00eancia de tratamento;<\/li>\n\n\n\n<li>O acesso aos dados;<\/li>\n\n\n\n<li>A corre\u00e7\u00e3o de dados incompletos, inexatos ou desatualizados;<\/li>\n\n\n\n<li>A anonimiza\u00e7\u00e3o, bloqueio ou elimina\u00e7\u00e3o de dados desnecess\u00e1rios, excessivos ou tratados em desconformidade;<\/li>\n\n\n\n<li>A portabilidade de seus dados a outro fornecedor de servi\u00e7o ou produto, mediante requisi\u00e7\u00e3o expressa pelo Usu\u00e1rio;<\/li>\n\n\n\n<li>A elimina\u00e7\u00e3o dos dados tratados com consentimento do Usu\u00e1rio;<\/li>\n\n\n\n<li>A obten\u00e7\u00e3o de informa\u00e7\u00f5es sobre as entidades p\u00fablicas ou privadas com as quais a Air\u00e9 Condom\u00ednios compartilhou seus dados;<\/li>\n\n\n\n<li>A informa\u00e7\u00e3o sobre a possibilidade de n\u00e3o fornecer o seu consentimento, bem como de ser informado sobre as consequ\u00eancias, em caso de negativa;<\/li>\n\n\n\n<li>A revoga\u00e7\u00e3o do consentimento.<\/li>\n<\/ul>\n\n\n\n<p>Para exercer o seu direito \u00e9 s\u00f3 encaminhar um e-mail, com a sua solicita\u00e7\u00e3o, para <a href=\"mailto:dpo@c1assessoria.com.br\">dpo@c1assessoria.com.br<\/a>.<\/p>\n\n\n\n<p><strong>COOKIES<\/strong><\/p>\n\n\n\n<p>S\u00e3o arquivos de informa\u00e7\u00e3o que s\u00e3o armazenados no seu computador ou dispositivos m\u00f3veis atrav\u00e9s do navegador de internet (browser). Estes arquivos permitem que, durante um per\u00edodo de tempo, um website \u201cse lembre\u201d das a\u00e7\u00f5es e prefer\u00eancias registradas em nome do Usu\u00e1rio. O uso de cookies existe para que o Usu\u00e1rio, ao regressar a um website que j\u00e1 visitou, n\u00e3o tenha, em princ\u00edpio, que indicar novamente as suas prefer\u00eancias de navega\u00e7\u00e3o (idioma, fonte, forma de visualiza\u00e7\u00e3o etc). Os cookies podem ser persistentes ou de sess\u00e3o.<\/p>\n\n\n\n<p><strong>I<\/strong>nformaremos quando voc\u00ea visitar nossos sites que tipos de cookies usamos e como desativar esses cookies. Voc\u00ea poder\u00e1 recusar o uso de cookies a qualquer momento em seu computador, lembramos que, caso n\u00e3o aceite alguns cookies, certos servi\u00e7os poder\u00e3o n\u00e3o funcionar de maneira ideal.<\/p>\n\n\n\n<p><strong>ENCARREGADO DE DADOS<\/strong><\/p>\n\n\n\n<p>Em caso de qualquer d\u00favida com rela\u00e7\u00e3o \u00e0s disposi\u00e7\u00f5es constantes desta Pol\u00edtica de Privacidade, assim como para exercer os seus direitos, entre em contato com C1 TECNOLOGIA E ASSESSORIA \u00a0(Carlos Adriano Pereira de Moraes e\/ou Andr\u00e9 Luiz de Macedo) \u2013 enviando um e-mail para:\u00a0<a href=\"mailto:dpo@c1assessoria.com.br\">dpo@c1assessoria.com.br<\/a>.<\/p>\n\n\n\n<p><strong>PRAZO<\/strong><\/p>\n\n\n\n<p>Esta pol\u00edtica tem validade a partir da data de sua publica\u00e7\u00e3o, podendo ser alterada a qualquer tempo e crit\u00e9rio e com efeito imediato.<\/p>\n\n\n\n<p><\/p>\n\n\n\n<p><br><br><\/p>\n","protected":false},"excerpt":{"rendered":"<p>A DINAMO CONTABILIDADE LTDA \u00e9 uma empresa especializada no setor de condom\u00ednios. \u00a0somos uma empresa especializada no setor de contabilidade. Em atua\u00e7\u00e3o desde 2011, orienta seus clientes sobre a necessidade e obrigatoriedade de uma boa pr\u00e1tica fiscal e cont\u00e1bil, atrav\u00e9s [&hellip;]<\/p>\n","protected":false},"author":1,"featured_media":0,"parent":0,"menu_order":0,"comment_status":"closed","ping_status":"closed","template":"","meta":{"footnotes":""},"class_list":["post-685","page","type-page","status-publish","hentry"],"_links":{"self":[{"href":"https:\/\/dinamocontabilidade.com.br\/site\/wp-json\/wp\/v2\/pages\/685"}],"collection":[{"href":"https:\/\/dinamocontabilidade.com.br\/site\/wp-json\/wp\/v2\/pages"}],"about":[{"href":"https:\/\/dinamocontabilidade.com.br\/site\/wp-json\/wp\/v2\/types\/page"}],"author":[{"embeddable":true,"href":"https:\/\/dinamocontabilidade.com.br\/site\/wp-json\/wp\/v2\/users\/1"}],"replies":[{"embeddable":true,"href":"https:\/\/dinamocontabilidade.com.br\/site\/wp-json\/wp\/v2\/comments?post=685"}],"version-history":[{"count":1,"href":"https:\/\/dinamocontabilidade.com.br\/site\/wp-json\/wp\/v2\/pages\/685\/revisions"}],"predecessor-version":[{"id":687,"href":"https:\/\/dinamocontabilidade.com.br\/site\/wp-json\/wp\/v2\/pages\/685\/revisions\/687"}],"wp:attachment":[{"href":"https:\/\/dinamocontabilidade.com.br\/site\/wp-json\/wp\/v2\/media?parent=685"}],"curies":[{"name":"wp","href":"https:\/\/api.w.org\/{rel}","templated":true}]}}